{"id":48,"date":"2023-08-09T20:53:37","date_gmt":"2023-08-09T18:53:37","guid":{"rendered":"https:\/\/www.naxoncz.cz\/?page_id=48"},"modified":"2023-08-16T16:59:59","modified_gmt":"2023-08-16T14:59:59","slug":"financni-sluzby","status":"publish","type":"page","link":"https:\/\/www.naxoncz.cz\/?page_id=48","title":{"rendered":"\u00da\u010detn\u00ed slu\u017eby"},"content":{"rendered":"\t\t<div data-elementor-type=\"wp-page\" data-elementor-id=\"48\" class=\"elementor elementor-48\">\n\t\t\t\t\t\t\t\t\t<section class=\"elementor-section elementor-top-section elementor-element elementor-element-bf2675f elementor-section-boxed elementor-section-height-default elementor-section-height-default\" data-id=\"bf2675f\" data-element_type=\"section\">\n\t\t\t\t\t\t<div class=\"elementor-container elementor-column-gap-default\">\n\t\t\t\t\t<div class=\"elementor-column elementor-col-100 elementor-top-column elementor-element elementor-element-0ddb5bc\" data-id=\"0ddb5bc\" data-element_type=\"column\">\n\t\t\t<div class=\"elementor-widget-wrap elementor-element-populated\">\n\t\t\t\t\t\t\t\t<div class=\"elementor-element elementor-element-94a36e8 elementor-invisible elementor-widget elementor-widget-image\" data-id=\"94a36e8\" data-element_type=\"widget\" data-settings=\"{&quot;_animation&quot;:&quot;fadeInDown&quot;}\" data-widget_type=\"image.default\">\n\t\t\t\t<div class=\"elementor-widget-container\">\n\t\t\t<style>\/*! elementor - v3.15.0 - 09-08-2023 *\/\n.elementor-widget-image{text-align:center}.elementor-widget-image a{display:inline-block}.elementor-widget-image a img[src$=\".svg\"]{width:48px}.elementor-widget-image img{vertical-align:middle;display:inline-block}<\/style>\t\t\t\t\t\t\t\t\t\t\t\t<img loading=\"lazy\" decoding=\"async\" width=\"2048\" height=\"638\" src=\"https:\/\/www.naxoncz.cz\/wp-content\/uploads\/2023\/08\/Obrazek-WhatsApp-2023-06-29-v-20.30.17.jpg\" class=\"attachment-full size-full wp-image-22\" alt=\"\" srcset=\"https:\/\/www.naxoncz.cz\/wp-content\/uploads\/2023\/08\/Obrazek-WhatsApp-2023-06-29-v-20.30.17.jpg 2048w, https:\/\/www.naxoncz.cz\/wp-content\/uploads\/2023\/08\/Obrazek-WhatsApp-2023-06-29-v-20.30.17-300x93.jpg 300w, https:\/\/www.naxoncz.cz\/wp-content\/uploads\/2023\/08\/Obrazek-WhatsApp-2023-06-29-v-20.30.17-1024x319.jpg 1024w, https:\/\/www.naxoncz.cz\/wp-content\/uploads\/2023\/08\/Obrazek-WhatsApp-2023-06-29-v-20.30.17-768x239.jpg 768w, https:\/\/www.naxoncz.cz\/wp-content\/uploads\/2023\/08\/Obrazek-WhatsApp-2023-06-29-v-20.30.17-1536x479.jpg 1536w\" sizes=\"auto, (max-width: 2048px) 100vw, 2048px\" \/>\t\t\t\t\t\t\t\t\t\t\t\t\t\t\t<\/div>\n\t\t\t\t<\/div>\n\t\t\t\t\t<\/div>\n\t\t<\/div>\n\t\t\t\t\t\t\t<\/div>\n\t\t<\/section>\n\t\t\t\t<section class=\"elementor-section elementor-top-section elementor-element elementor-element-2d4b66f elementor-section-boxed elementor-section-height-default elementor-section-height-default\" data-id=\"2d4b66f\" data-element_type=\"section\">\n\t\t\t\t\t\t<div class=\"elementor-container elementor-column-gap-default\">\n\t\t\t\t\t<div class=\"elementor-column elementor-col-100 elementor-top-column elementor-element elementor-element-2356687\" data-id=\"2356687\" data-element_type=\"column\">\n\t\t\t<div class=\"elementor-widget-wrap elementor-element-populated\">\n\t\t\t\t\t\t\t\t<div class=\"elementor-element elementor-element-932a30b elementor-widget elementor-widget-heading\" data-id=\"932a30b\" data-element_type=\"widget\" data-widget_type=\"heading.default\">\n\t\t\t\t<div class=\"elementor-widget-container\">\n\t\t\t<style>\/*! elementor - v3.15.0 - 09-08-2023 *\/\n.elementor-heading-title{padding:0;margin:0;line-height:1}.elementor-widget-heading .elementor-heading-title[class*=elementor-size-]>a{color:inherit;font-size:inherit;line-height:inherit}.elementor-widget-heading .elementor-heading-title.elementor-size-small{font-size:15px}.elementor-widget-heading .elementor-heading-title.elementor-size-medium{font-size:19px}.elementor-widget-heading .elementor-heading-title.elementor-size-large{font-size:29px}.elementor-widget-heading .elementor-heading-title.elementor-size-xl{font-size:39px}.elementor-widget-heading .elementor-heading-title.elementor-size-xxl{font-size:59px}<\/style><h2 class=\"elementor-heading-title elementor-size-large\">\u00da\u010detn\u00ed slu\u017eby<\/h2>\t\t<\/div>\n\t\t\t\t<\/div>\n\t\t\t\t\t<\/div>\n\t\t<\/div>\n\t\t\t\t\t\t\t<\/div>\n\t\t<\/section>\n\t\t\t\t<section class=\"elementor-section elementor-top-section elementor-element elementor-element-8f69ebe elementor-section-boxed elementor-section-height-default elementor-section-height-default\" data-id=\"8f69ebe\" data-element_type=\"section\">\n\t\t\t\t\t\t<div class=\"elementor-container elementor-column-gap-default\">\n\t\t\t\t\t<div class=\"elementor-column elementor-col-100 elementor-top-column elementor-element elementor-element-9d57e50\" data-id=\"9d57e50\" data-element_type=\"column\">\n\t\t\t<div class=\"elementor-widget-wrap elementor-element-populated\">\n\t\t\t\t\t\t\t\t<div class=\"elementor-element elementor-element-a8d0b8f elementor-widget elementor-widget-text-editor\" data-id=\"a8d0b8f\" data-element_type=\"widget\" data-widget_type=\"text-editor.default\">\n\t\t\t\t<div class=\"elementor-widget-container\">\n\t\t\t<style>\/*! elementor - v3.15.0 - 09-08-2023 *\/\n.elementor-widget-text-editor.elementor-drop-cap-view-stacked .elementor-drop-cap{background-color:#69727d;color:#fff}.elementor-widget-text-editor.elementor-drop-cap-view-framed .elementor-drop-cap{color:#69727d;border:3px solid;background-color:transparent}.elementor-widget-text-editor:not(.elementor-drop-cap-view-default) .elementor-drop-cap{margin-top:8px}.elementor-widget-text-editor:not(.elementor-drop-cap-view-default) .elementor-drop-cap-letter{width:1em;height:1em}.elementor-widget-text-editor .elementor-drop-cap{float:left;text-align:center;line-height:1;font-size:50px}.elementor-widget-text-editor .elementor-drop-cap-letter{display:inline-block}<\/style>\t\t\t\t<p>Ji\u017e \u0159adu let nab\u00edz\u00edme komplexn\u00ed \u00fa\u010detn\u00ed slu\u017eby pro spole\u010denstv\u00ed vlastn\u00edk\u016f jednotek a bytov\u00e1 dru\u017estva.<\/p><p>Sou\u010d\u00e1st\u00ed slu\u017eeb je zejm\u00e9na veden\u00ed \u00fa\u010detnictv\u00ed subjektu, evidence vlastn\u00edk\u016f\u00a0 nemovitost\u00ed, aktualizace kontaktn\u00edch informac\u00ed vlastn\u00edk\u016f, \u00fa\u010detn\u00ed slu\u017eby spojen\u00e9 s pron\u00e1jmem nebytov\u00fd prostor a v neposledn\u00ed \u0159ad\u011b zpracov\u00e1n\u00ed a pod\u00e1n\u00ed da\u0148ov\u00e9ho p\u0159izn\u00e1n\u00ed.<\/p>\t\t\t\t\t\t<\/div>\n\t\t\t\t<\/div>\n\t\t\t\t\t<\/div>\n\t\t<\/div>\n\t\t\t\t\t\t\t<\/div>\n\t\t<\/section>\n\t\t\t\t<section class=\"elementor-section elementor-top-section elementor-element elementor-element-f283666 elementor-section-boxed elementor-section-height-default elementor-section-height-default\" data-id=\"f283666\" data-element_type=\"section\">\n\t\t\t\t\t\t<div class=\"elementor-container elementor-column-gap-default\">\n\t\t\t\t\t<div class=\"elementor-column elementor-col-100 elementor-top-column elementor-element elementor-element-8609056\" data-id=\"8609056\" data-element_type=\"column\">\n\t\t\t<div class=\"elementor-widget-wrap elementor-element-populated\">\n\t\t\t\t\t\t\t\t<div class=\"elementor-element elementor-element-2155793 elementor-button-info elementor-widget elementor-widget-button\" data-id=\"2155793\" data-element_type=\"widget\" data-widget_type=\"button.default\">\n\t\t\t\t<div class=\"elementor-widget-container\">\n\t\t\t\t\t<div class=\"elementor-button-wrapper\">\n\t\t\t<a class=\"elementor-button elementor-button-link elementor-size-sm\" href=\"https:\/\/www.naxoncz.cz\/\">\n\t\t\t\t\t\t<span class=\"elementor-button-content-wrapper\">\n\t\t\t\t\t\t<span class=\"elementor-button-text\">Zp\u011bt na hlavn\u00ed str\u00e1nku<\/span>\n\t\t<\/span>\n\t\t\t\t\t<\/a>\n\t\t<\/div>\n\t\t\t\t<\/div>\n\t\t\t\t<\/div>\n\t\t\t\t\t<\/div>\n\t\t<\/div>\n\t\t\t\t\t\t\t<\/div>\n\t\t<\/section>\n\t\t\t\t\t\t\t<\/div>\n\t\t","protected":false},"excerpt":{"rendered":"<p>\u00da\u010detn\u00ed slu\u017eby Ji\u017e \u0159adu let nab\u00edz\u00edme komplexn\u00ed \u00fa\u010detn\u00ed slu\u017eby pro spole\u010denstv\u00ed vlastn\u00edk\u016f jednotek a bytov\u00e1 dru\u017estva. Sou\u010d\u00e1st\u00ed slu\u017eeb je zejm\u00e9na veden\u00ed \u00fa\u010detnictv\u00ed subjektu, evidence vlastn\u00edk\u016f\u00a0 nemovitost\u00ed, aktualizace kontaktn\u00edch informac\u00ed vlastn\u00edk\u016f, \u00fa\u010detn\u00ed slu\u017eby spojen\u00e9 s pron\u00e1jmem nebytov\u00fd prostor a v neposledn\u00ed \u0159ad\u011b zpracov\u00e1n\u00ed a pod\u00e1n\u00ed da\u0148ov\u00e9ho p\u0159izn\u00e1n\u00ed. Zp\u011bt na hlavn\u00ed str\u00e1nku<\/p>\n","protected":false},"author":1,"featured_media":0,"parent":0,"menu_order":0,"comment_status":"closed","ping_status":"closed","template":"","meta":{"footnotes":""},"class_list":["post-48","page","type-page","status-publish","hentry","entry"],"_links":{"self":[{"href":"https:\/\/www.naxoncz.cz\/index.php?rest_route=\/wp\/v2\/pages\/48","targetHints":{"allow":["GET"]}}],"collection":[{"href":"https:\/\/www.naxoncz.cz\/index.php?rest_route=\/wp\/v2\/pages"}],"about":[{"href":"https:\/\/www.naxoncz.cz\/index.php?rest_route=\/wp\/v2\/types\/page"}],"author":[{"embeddable":true,"href":"https:\/\/www.naxoncz.cz\/index.php?rest_route=\/wp\/v2\/users\/1"}],"replies":[{"embeddable":true,"href":"https:\/\/www.naxoncz.cz\/index.php?rest_route=%2Fwp%2Fv2%2Fcomments&post=48"}],"version-history":[{"count":8,"href":"https:\/\/www.naxoncz.cz\/index.php?rest_route=\/wp\/v2\/pages\/48\/revisions"}],"predecessor-version":[{"id":116,"href":"https:\/\/www.naxoncz.cz\/index.php?rest_route=\/wp\/v2\/pages\/48\/revisions\/116"}],"wp:attachment":[{"href":"https:\/\/www.naxoncz.cz\/index.php?rest_route=%2Fwp%2Fv2%2Fmedia&parent=48"}],"curies":[{"name":"wp","href":"https:\/\/api.w.org\/{rel}","templated":true}]}}